{"id":9976,"date":"2021-02-23T19:20:51","date_gmt":"2021-02-23T18:20:51","guid":{"rendered":"https:\/\/ticino.com\/qr-code-generator\/"},"modified":"2021-03-11T20:23:52","modified_gmt":"2021-03-11T19:23:52","slug":"qr-code-generator","status":"publish","type":"page","link":"https:\/\/ticino.com\/de\/qr-code-generator\/","title":{"rendered":"QR Code Generator"},"content":{"rendered":"\t\t<div data-elementor-type=\"wp-page\" data-elementor-id=\"9976\" class=\"elementor elementor-9976 elementor-9781\" data-elementor-post-type=\"page\">\n\t\t\t\t\t\t<section class=\"elementor-section elementor-top-section elementor-element elementor-element-761ca343 elementor-section-boxed elementor-section-height-default elementor-section-height-default\" data-id=\"761ca343\" data-element_type=\"section\">\n\t\t\t\t\t\t<div class=\"elementor-container elementor-column-gap-default\">\n\t\t\t\t\t<div class=\"elementor-column elementor-col-100 elementor-top-column elementor-element elementor-element-5c64dfbd\" data-id=\"5c64dfbd\" data-element_type=\"column\">\n\t\t\t<div class=\"elementor-widget-wrap elementor-element-populated\">\n\t\t\t\t\t\t<div class=\"elementor-element elementor-element-bbb3f99 elementor-widget elementor-widget-text-editor\" data-id=\"bbb3f99\" data-element_type=\"widget\" data-widget_type=\"text-editor.default\">\n\t\t\t\t<div class=\"elementor-widget-container\">\n\t\t\t\t\t\t\t<p>Erstellen Sie Ihren QR-Code 100% kostenlos. Mit unserem Tool m\u00fcssen Sie sich nicht anmelden und Ihre Privatsph\u00e4re ist immer gew\u00e4hrleistet. Wir verwenden personenbezogene Daten auch nicht f\u00fcr Marketing- oder andere Zwecke. Dieses Tool wurde f\u00fcr unser Marketing-Team entwickelt, das es auf vielfachen Wunsch ver\u00f6ffentlicht hat.<\/p>\n<p>Ticinocom SA ist der f\u00fchrende Anbieter von Telekommunikationsdiensten wie Festnetz- und Mobilfunk-Breitband, Cloud- und Hosting-Dienste sowie VoIP-Telefonie. Erfahren Sie mehr \u00fcber unsere Angebote, indem Sie <a href=\"https:\/\/ticino.com\/?ref=qr-generator\">hier klicken<\/a>.<\/p>\n\t\t\t\t\t\t<\/div>\n\t\t\t\t<\/div>\n\t\t\t\t<div class=\"elementor-element elementor-element-ad364ee elementor-widget elementor-widget-html\" data-id=\"ad364ee\" data-element_type=\"widget\" data-widget_type=\"html.default\">\n\t\t\t\t<div class=\"elementor-widget-container\">\n\t\t\t<script src=\"https:\/\/apps.elfsight.com\/p\/platform.js\" defer><\/script>\n<div class=\"elfsight-app-70afeb0a-3162-4f2c-b218-c9da972eb47f\"><\/div>\t\t<\/div>\n\t\t\t\t<\/div>\n\t\t\t\t<div class=\"elementor-element elementor-element-cf2db68 elementor-hidden-tablet elementor-hidden-phone elementor-widget elementor-widget-html\" data-id=\"cf2db68\" data-element_type=\"widget\" data-widget_type=\"html.default\">\n\t\t\t\t<div class=\"elementor-widget-container\">\n\t\t\t<iframe width=\"100%\" style=\"height:1900px;\" scrolling=\"no\" id=\"qrcodegenerator\" src=\"https:\/\/ticino.com\/qrcodegenerator\/\"><\/iframe>\t\t<\/div>\n\t\t\t\t<\/div>\n\t\t\t\t<div class=\"elementor-element elementor-element-0b2eba3 elementor-hidden-desktop elementor-widget elementor-widget-html\" data-id=\"0b2eba3\" data-element_type=\"widget\" data-widget_type=\"html.default\">\n\t\t\t\t<div class=\"elementor-widget-container\">\n\t\t\t\n    <iframe width=\"100%\" style=\"height:3000px;\" scrolling=\"no\" id=\"qrcodegenerator\" src=\"https:\/\/ticino.com\/qrcodegenerator\/\"><\/iframe>\n\t\t<\/div>\n\t\t\t\t<\/div>\n\t\t\t\t\t<\/div>\n\t\t<\/div>\n\t\t\t\t\t<\/div>\n\t\t<\/section>\n\t\t\t\t<\/div>\n\t\t","protected":false},"excerpt":{"rendered":"<p>Erstellen Sie Ihren QR-Code 100% kostenlos. Mit unserem Tool m\u00fcssen Sie sich nicht anmelden und Ihre Privatsph\u00e4re ist immer gew\u00e4hrleistet. Wir verwenden personenbezogene Daten auch nicht f\u00fcr Marketing- oder andere Zwecke. Dieses Tool wurde f\u00fcr unser Marketing-Team entwickelt, das es auf vielfachen Wunsch ver\u00f6ffentlicht hat. Ticinocom SA ist der f\u00fchrende Anbieter von Telekommunikationsdiensten wie Festnetz- [&hellip;]<\/p>\n","protected":false},"author":138280483,"featured_media":6977,"parent":0,"menu_order":0,"comment_status":"closed","ping_status":"closed","template":"elementor_header_footer","meta":{"footnotes":""},"class_list":["post-9976","page","type-page","status-publish","has-post-thumbnail","hentry"],"yoast_head":"<!-- This site is optimized with the Yoast SEO Premium plugin v21.7 (Yoast SEO v23.7) - https:\/\/yoast.com\/wordpress\/plugins\/seo\/ -->\n<title>Custom QR Code Generator 100% kostenlos | Erstellen Sie jetzt Ihren QR-Code!<\/title>\n<meta name=\"description\" content=\"Sind Sie es leid, immer nach einem zuverl\u00e4ssigen und KOSTENLOSEN Tool zum Generieren eines QR-Codes zu suchen? Wir auch! Probieren Sie unser Tool!\" \/>\n<meta name=\"robots\" content=\"index, follow, max-snippet:-1, max-image-preview:large, max-video-preview:-1\" \/>\n<link rel=\"canonical\" href=\"https:\/\/ticino.com\/de\/qr-code-generator\/\" \/>\n<meta property=\"og:locale\" content=\"de_DE\" \/>\n<meta property=\"og:type\" content=\"article\" \/>\n<meta property=\"og:title\" content=\"QR Code Generator\" \/>\n<meta property=\"og:description\" content=\"Generieren Sie QR-Codes schnell, einfach und kostenlos mit dem #1 Tool der Schweiz. Sie k\u00f6nnen Farbe, Format, Gr\u00f6\u00dfe und mehr anpassen.\" \/>\n<meta property=\"og:url\" content=\"https:\/\/ticino.com\/de\/qr-code-generator\/\" \/>\n<meta property=\"og:site_name\" content=\"Ticinocom SA\" \/>\n<meta property=\"article:publisher\" content=\"https:\/\/facebook.com\/ticinocom\" \/>\n<meta property=\"article:modified_time\" content=\"2021-03-11T19:23:52+00:00\" \/>\n<meta property=\"og:image\" content=\"https:\/\/ticino.com\/wp-content\/uploads\/2021\/01\/resega-video-01.jpg\" \/>\n<meta name=\"twitter:card\" content=\"summary_large_image\" \/>\n<meta name=\"twitter:title\" content=\"QR Code Generator\" \/>\n<meta name=\"twitter:site\" content=\"@ticinocom\" \/>\n<script type=\"application\/ld+json\" class=\"yoast-schema-graph\">{\"@context\":\"https:\/\/schema.org\",\"@graph\":[{\"@type\":\"WebPage\",\"@id\":\"https:\/\/ticino.com\/de\/qr-code-generator\/\",\"url\":\"https:\/\/ticino.com\/de\/qr-code-generator\/\",\"name\":\"Custom QR Code Generator 100% kostenlos | Erstellen Sie jetzt Ihren QR-Code!\",\"isPartOf\":{\"@id\":\"https:\/\/ticino.com\/de\/#website\"},\"primaryImageOfPage\":{\"@id\":\"https:\/\/ticino.com\/de\/qr-code-generator\/#primaryimage\"},\"image\":{\"@id\":\"https:\/\/ticino.com\/de\/qr-code-generator\/#primaryimage\"},\"thumbnailUrl\":\"https:\/\/ticino.com\/wp-content\/uploads\/2021\/01\/resega-video-01.jpg\",\"datePublished\":\"2021-02-23T18:20:51+00:00\",\"dateModified\":\"2021-03-11T19:23:52+00:00\",\"description\":\"Sind Sie es leid, immer nach einem zuverl\u00e4ssigen und KOSTENLOSEN Tool zum Generieren eines QR-Codes zu suchen? Wir auch! Probieren Sie unser Tool!\",\"breadcrumb\":{\"@id\":\"https:\/\/ticino.com\/de\/qr-code-generator\/#breadcrumb\"},\"inLanguage\":\"de\",\"potentialAction\":[{\"@type\":\"ReadAction\",\"target\":[\"https:\/\/ticino.com\/de\/qr-code-generator\/\"]}]},{\"@type\":\"ImageObject\",\"inLanguage\":\"de\",\"@id\":\"https:\/\/ticino.com\/de\/qr-code-generator\/#primaryimage\",\"url\":\"https:\/\/ticino.com\/wp-content\/uploads\/2021\/01\/resega-video-01.jpg\",\"contentUrl\":\"https:\/\/ticino.com\/wp-content\/uploads\/2021\/01\/resega-video-01.jpg\",\"width\":512,\"height\":336},{\"@type\":\"BreadcrumbList\",\"@id\":\"https:\/\/ticino.com\/de\/qr-code-generator\/#breadcrumb\",\"itemListElement\":[{\"@type\":\"ListItem\",\"position\":1,\"name\":\"Home\",\"item\":\"https:\/\/ticino.com\/de\/\"},{\"@type\":\"ListItem\",\"position\":2,\"name\":\"QR Code Generator\"}]},{\"@type\":\"WebSite\",\"@id\":\"https:\/\/ticino.com\/de\/#website\",\"url\":\"https:\/\/ticino.com\/de\/\",\"name\":\"Ticinocom SA\",\"description\":\"Internet 100% made in Ticino\",\"publisher\":{\"@id\":\"https:\/\/ticino.com\/de\/#organization\"},\"potentialAction\":[{\"@type\":\"SearchAction\",\"target\":{\"@type\":\"EntryPoint\",\"urlTemplate\":\"https:\/\/ticino.com\/de\/?s={search_term_string}\"},\"query-input\":{\"@type\":\"PropertyValueSpecification\",\"valueRequired\":true,\"valueName\":\"search_term_string\"}}],\"inLanguage\":\"de\"},{\"@type\":\"Organization\",\"@id\":\"https:\/\/ticino.com\/de\/#organization\",\"name\":\"Ticinocom SA\",\"url\":\"https:\/\/ticino.com\/de\/\",\"logo\":{\"@type\":\"ImageObject\",\"inLanguage\":\"de\",\"@id\":\"https:\/\/ticino.com\/de\/#\/schema\/logo\/image\/\",\"url\":\"https:\/\/ticino.com\/wp-content\/uploads\/2020\/09\/ticinocom-logo.png\",\"contentUrl\":\"https:\/\/ticino.com\/wp-content\/uploads\/2020\/09\/ticinocom-logo.png\",\"width\":508,\"height\":84,\"caption\":\"Ticinocom SA\"},\"image\":{\"@id\":\"https:\/\/ticino.com\/de\/#\/schema\/logo\/image\/\"},\"sameAs\":[\"https:\/\/facebook.com\/ticinocom\",\"https:\/\/x.com\/ticinocom\",\"https:\/\/instagram.com\/ticinocomsa\",\"https:\/\/linkedin.com\/company\/ticinocom\"]}]}<\/script>\n<!-- \/ Yoast SEO Premium plugin. -->","yoast_head_json":{"title":"Custom QR Code Generator 100% kostenlos | Erstellen Sie jetzt Ihren QR-Code!","description":"Sind Sie es leid, immer nach einem zuverl\u00e4ssigen und KOSTENLOSEN Tool zum Generieren eines QR-Codes zu suchen? Wir auch! Probieren Sie unser Tool!","robots":{"index":"index","follow":"follow","max-snippet":"max-snippet:-1","max-image-preview":"max-image-preview:large","max-video-preview":"max-video-preview:-1"},"canonical":"https:\/\/ticino.com\/de\/qr-code-generator\/","og_locale":"de_DE","og_type":"article","og_title":"QR Code Generator","og_description":"Generieren Sie QR-Codes schnell, einfach und kostenlos mit dem #1 Tool der Schweiz. Sie k\u00f6nnen Farbe, Format, Gr\u00f6\u00dfe und mehr anpassen.","og_url":"https:\/\/ticino.com\/de\/qr-code-generator\/","og_site_name":"Ticinocom SA","article_publisher":"https:\/\/facebook.com\/ticinocom","article_modified_time":"2021-03-11T19:23:52+00:00","og_image":[{"url":"https:\/\/ticino.com\/wp-content\/uploads\/2021\/01\/resega-video-01.jpg"}],"twitter_card":"summary_large_image","twitter_title":"QR Code Generator","twitter_site":"@ticinocom","schema":{"@context":"https:\/\/schema.org","@graph":[{"@type":"WebPage","@id":"https:\/\/ticino.com\/de\/qr-code-generator\/","url":"https:\/\/ticino.com\/de\/qr-code-generator\/","name":"Custom QR Code Generator 100% kostenlos | Erstellen Sie jetzt Ihren QR-Code!","isPartOf":{"@id":"https:\/\/ticino.com\/de\/#website"},"primaryImageOfPage":{"@id":"https:\/\/ticino.com\/de\/qr-code-generator\/#primaryimage"},"image":{"@id":"https:\/\/ticino.com\/de\/qr-code-generator\/#primaryimage"},"thumbnailUrl":"https:\/\/ticino.com\/wp-content\/uploads\/2021\/01\/resega-video-01.jpg","datePublished":"2021-02-23T18:20:51+00:00","dateModified":"2021-03-11T19:23:52+00:00","description":"Sind Sie es leid, immer nach einem zuverl\u00e4ssigen und KOSTENLOSEN Tool zum Generieren eines QR-Codes zu suchen? Wir auch! Probieren Sie unser Tool!","breadcrumb":{"@id":"https:\/\/ticino.com\/de\/qr-code-generator\/#breadcrumb"},"inLanguage":"de","potentialAction":[{"@type":"ReadAction","target":["https:\/\/ticino.com\/de\/qr-code-generator\/"]}]},{"@type":"ImageObject","inLanguage":"de","@id":"https:\/\/ticino.com\/de\/qr-code-generator\/#primaryimage","url":"https:\/\/ticino.com\/wp-content\/uploads\/2021\/01\/resega-video-01.jpg","contentUrl":"https:\/\/ticino.com\/wp-content\/uploads\/2021\/01\/resega-video-01.jpg","width":512,"height":336},{"@type":"BreadcrumbList","@id":"https:\/\/ticino.com\/de\/qr-code-generator\/#breadcrumb","itemListElement":[{"@type":"ListItem","position":1,"name":"Home","item":"https:\/\/ticino.com\/de\/"},{"@type":"ListItem","position":2,"name":"QR Code Generator"}]},{"@type":"WebSite","@id":"https:\/\/ticino.com\/de\/#website","url":"https:\/\/ticino.com\/de\/","name":"Ticinocom SA","description":"Internet 100% made in Ticino","publisher":{"@id":"https:\/\/ticino.com\/de\/#organization"},"potentialAction":[{"@type":"SearchAction","target":{"@type":"EntryPoint","urlTemplate":"https:\/\/ticino.com\/de\/?s={search_term_string}"},"query-input":{"@type":"PropertyValueSpecification","valueRequired":true,"valueName":"search_term_string"}}],"inLanguage":"de"},{"@type":"Organization","@id":"https:\/\/ticino.com\/de\/#organization","name":"Ticinocom SA","url":"https:\/\/ticino.com\/de\/","logo":{"@type":"ImageObject","inLanguage":"de","@id":"https:\/\/ticino.com\/de\/#\/schema\/logo\/image\/","url":"https:\/\/ticino.com\/wp-content\/uploads\/2020\/09\/ticinocom-logo.png","contentUrl":"https:\/\/ticino.com\/wp-content\/uploads\/2020\/09\/ticinocom-logo.png","width":508,"height":84,"caption":"Ticinocom SA"},"image":{"@id":"https:\/\/ticino.com\/de\/#\/schema\/logo\/image\/"},"sameAs":["https:\/\/facebook.com\/ticinocom","https:\/\/x.com\/ticinocom","https:\/\/instagram.com\/ticinocomsa","https:\/\/linkedin.com\/company\/ticinocom"]}]}},"_links":{"self":[{"href":"https:\/\/ticino.com\/de\/wp-json\/wp\/v2\/pages\/9976"}],"collection":[{"href":"https:\/\/ticino.com\/de\/wp-json\/wp\/v2\/pages"}],"about":[{"href":"https:\/\/ticino.com\/de\/wp-json\/wp\/v2\/types\/page"}],"author":[{"embeddable":true,"href":"https:\/\/ticino.com\/de\/wp-json\/wp\/v2\/users\/138280483"}],"replies":[{"embeddable":true,"href":"https:\/\/ticino.com\/de\/wp-json\/wp\/v2\/comments?post=9976"}],"version-history":[{"count":0,"href":"https:\/\/ticino.com\/de\/wp-json\/wp\/v2\/pages\/9976\/revisions"}],"wp:featuredmedia":[{"embeddable":true,"href":"https:\/\/ticino.com\/de\/wp-json\/wp\/v2\/media\/6977"}],"wp:attachment":[{"href":"https:\/\/ticino.com\/de\/wp-json\/wp\/v2\/media?parent=9976"}],"curies":[{"name":"wp","href":"https:\/\/api.w.org\/{rel}","templated":true}]}}