{"id":976,"date":"2020-09-08T09:18:18","date_gmt":"2020-09-08T09:18:18","guid":{"rendered":"https:\/\/wp.ticino.com\/wer-wir-sind\/"},"modified":"2020-12-21T10:42:40","modified_gmt":"2020-12-21T09:42:40","slug":"wer-wir-sind","status":"publish","type":"page","link":"https:\/\/ticino.com\/de\/wer-wir-sind\/","title":{"rendered":"Wer Wir Sind"},"content":{"rendered":"\t\t<div data-elementor-type=\"wp-page\" data-elementor-id=\"976\" class=\"elementor elementor-976 elementor-336\" data-elementor-post-type=\"page\">\n\t\t\t\t\t\t<section class=\"elementor-section elementor-top-section elementor-element elementor-element-00fda2a elementor-section-boxed elementor-section-height-default elementor-section-height-default\" data-id=\"00fda2a\" data-element_type=\"section\">\n\t\t\t\t\t\t<div class=\"elementor-container elementor-column-gap-default\">\n\t\t\t\t\t<div class=\"elementor-column elementor-col-100 elementor-top-column elementor-element elementor-element-af00efc\" data-id=\"af00efc\" data-element_type=\"column\">\n\t\t\t<div class=\"elementor-widget-wrap elementor-element-populated\">\n\t\t\t\t\t\t<div class=\"elementor-element elementor-element-a89166c elementor-widget elementor-widget-text-editor\" data-id=\"a89166c\" data-element_type=\"widget\" data-widget_type=\"text-editor.default\">\n\t\t\t\t<div class=\"elementor-widget-container\">\n\t\t\t\t\t\t\t<h2><strong>Geschichte<\/strong><\/h2>\n<p>Ticino.com, der erste und f\u00fchrende Internet Provider des Tessins, wurde vor \u00fcber 20 Jahren gegr\u00fcndet, man schrieb den Monat M\u00e4rz des Jahres 1996.<\/p>\n<p>In der Schweiz \u2013 ja sogar europaweit \u2013 gibt es nur wenige Unternehmen der Telekommunikationsbranche, welche eine so lange Tradition vorweisen k\u00f6nnen. Dank unserer langen Erfahrung in den Bereichen Telekommunikation und Informatik k\u00f6nnen wir unseren Kunden qualitativ hochwertige L\u00f6sungen zu einem attraktiven Preis anbieten. Da wir stets nah beim Kunden sind, k\u00f6nnen wir von Fall zu Fall zusammen mit diesem die f\u00fcr ihn passenden Produkte und Dienstleistungen ermitteln.<\/p>\n<p>Wir verwenden stets die neusten und besten auf dem Markt verf\u00fcgbaren Technologien. Ticino.com bietet schnelle, innovative, flexible und hochwertige Dienstleistungen an, wie z.B. Glasfaserverbindungen (FTTH), xDSL, VPN, Festnetztelefonie, Telefonie Voice over IP (VoIP), Telefonzentralen (physische und virtuelle), WebHosting und Domain Registrierung, Digital-TV, Sicherheit (Firewall), Cloud Computing und weitere individuelle L\u00f6sungen.<\/p>\n<p>Unsere Produkte sind die Speerspitze der auf schweizer Boden erh\u00e4ltlichen Glasfaserverbindungen und erm\u00f6glichen blitzschnelle \u00dcbermittlungsgeschwindigkeiten von bis zu 1000 Mbit\/s bei einer perfekten Verbindungsstabilit\u00e4t. Die Zeit der Kompromisse ist vorbei: mit dem Netz von ticino.com ist es z.B. einer Familie m\u00f6glich, mit mehreren Ger\u00e4ten (PC, Laptop, Tablet\u2026) gleichzeitig hohe Datenvolumen (Filme, Spiele, etc.) herunterzuladen. Auch Unternehmen bietet ticino.com einfache, stabile und optimierte L\u00f6sungen an um sorgenfrei die Zukunft zu planen.<\/p>\n<p>Unsere L\u00f6sung f\u00fcr Unternehmen heisst BusinessConnect und st\u00fctzt sich auf Glasfaser\u00fcbertragung. Im weiteren bieten wir unser Paket BusinessOffice an, eine all-inclusive L\u00f6sung f\u00fcr KMU\u2019s , welche das Business Internet mit fixer IP-Adresse, eine PBX Telefonzentrale mit FlatRate und Webhosting beinhaltet. Con BusinessOffice il pacchetto all-inclusive per le PMI che comprende il Business Internet con IP fisso, centralino telefonico (PBX) con FlatRate e WebHosting. Last but not least:<\/p>\n<p>bei erfolgreicher Vermittlung von Neukunden erhalten unsere bestehenden Kunden 5% der Abogeb\u00fchren des Neukunden auf Ihr Internet-Abo gutgeschrieben und dies Monat f\u00fcr Monat, solange sowohl der bestehende wie auch der neue Kunde ticino.com treu bleiben.<\/p>\n<p>Willkommen bei ticino.com<\/p>\n<p><strong><span style=\"color: inherit; font-family: inherit; font-size: 2rem;\">Mission<\/span><\/strong><\/p>\n<p>Unsere <em>mission<\/em> ist es, Menschen und Unternehmen im Tessin und in der \u00fcbrigen Schweiz qualitativ hochwertige, benutzerfreundliche, nachhaltige und personalisierte Telekommunikationsdienste zu erschwinglichen Preisen anzubieten.<\/p>\n<h2><strong>Vision<\/strong><\/h2>\n<p>Unsere Vision ist es, der zuverl\u00e4ssigste, effizienteste und kundenorientierteste Telekommunikationsanbieter im Tessin und in der Schweiz im Allgemeinen zu sein, der trotz Expansion weiterhin ein Familienunternehmen ist.<\/p>\n<h2><strong>Was zeichnet uns aus:<\/strong><\/h2>\n<ul>\n<li data-list=\"bullet\"><strong>Erbe<\/strong>: Wir sind eines der \u00e4ltesten Schweizer Unternehmen in Europa im Bereich Telekommunikationsdienstleistungen<\/li>\n<\/ul>\n<ul>\n<li data-list=\"bullet\"><strong>Erfahrung<\/strong>: eine Kombination von Kenntnissen auf dem Gebiet der Telekommunikation und Informationstechnologie<\/li>\n<\/ul>\n<ul>\n<li data-list=\"bullet\"><strong>N\u00e4he<\/strong>: Die Tatsache, ein Familienunternehmen im Tessin zu sein, gibt uns die M\u00f6glichkeit, unsere Kunden und ihre Bed\u00fcrfnisse besser zu verstehen<\/li>\n<\/ul>\n<ul>\n<li data-list=\"bullet\"><strong>Personalisiereung<\/strong>: Unsere kundenorientierte Vision und unsere Aufmerksamkeit f\u00fcr Bed\u00fcrfnisse und Anliegen erm\u00f6glichen es uns, ma\u00dfgeschneiderte L\u00f6sungen anzubieten<\/li>\n<\/ul>\n<ul>\n<li data-list=\"bullet\"><strong>Gelegenheit<\/strong>: Wir glauben, dass jeder Qualit\u00e4t verdient, und um dies zu erm\u00f6glichen, bieten wir unsere Dienstleistungen zu g\u00fcnstigeren Preisen als die Konkurrenz an<\/li>\n<\/ul>\n<ul>\n<li data-list=\"bullet\"><strong>Innovation<\/strong>: Wir verwenden modernste Technologien und verf\u00fcgen \u00fcber die besten F\u00e4higkeiten auf dem Schweizer Markt, um schnelle, innovative, flexible und qualitativ hochwertige L\u00f6sungen anzubieten<\/li>\n<\/ul>\n<ul>\n<li data-list=\"bullet\"><strong>Mehrsprachigkeit<\/strong>: Sie finden alle notwendigen Informationen auch auf Italienisch, was f\u00fcr unsere Kunden im Tessin sehr wichtig ist<\/li>\n<\/ul>\n<ul>\n<li data-list=\"bullet\"><strong>Zuverl\u00e4ssigkeit<\/strong>: Sowohl die Tatsache, dass Sie im Tessin sind, als auch ein familiengef\u00fchrtes Unternehmen erm\u00f6glichen es Ticinocom, exzellenten Kundenservice und exzellente Unterst\u00fctzung zu bieten<\/li>\n<li data-list=\"bullet\"><strong>Nachhaltigkeit<\/strong>: nicht nur in Bezug auf den \u00d6komodus (<a href=\"http:\/\/www.ecoprodotti.ch\/tiacqua\/\">Tiacqua<\/a><span data-void-detect=\"true\">) sondern auch in Bezug auf Preis und Geschwindigkeit <\/span> <\/li>\n<\/ul>\n\t\t\t\t\t\t<\/div>\n\t\t\t\t<\/div>\n\t\t\t\t\t<\/div>\n\t\t<\/div>\n\t\t\t\t\t<\/div>\n\t\t<\/section>\n\t\t\t\t<\/div>\n\t\t","protected":false},"excerpt":{"rendered":"<p>Ticino.com, der erste und f\u00fchrende Internet Provider des Tessins, wurde vor \u00fcber 20 Jahren gegr\u00fcndet, man schrieb den Monat M\u00e4rz des Jahres 1996. In der Schweiz &#8211; ja sogar europaweit &#8211; gibt es nur wenige Unternehmen der Telekommunikationsbranche, welche eine so lange Tradition vorweisen k\u00f6nnen. Dank unserer langen Erfahrung in den Bereichen Telekommunikation und Informatik [&hellip;]<\/p>\n","protected":false},"author":138280478,"featured_media":0,"parent":0,"menu_order":0,"comment_status":"closed","ping_status":"closed","template":"","meta":{"footnotes":""},"class_list":["post-976","page","type-page","status-publish","hentry"],"yoast_head":"<!-- This site is optimized with the Yoast SEO Premium plugin v21.7 (Yoast SEO v23.7) - https:\/\/yoast.com\/wordpress\/plugins\/seo\/ -->\n<title>Wer Wir Sind | Ticinocom SA<\/title>\n<meta name=\"robots\" content=\"index, follow, max-snippet:-1, max-image-preview:large, max-video-preview:-1\" \/>\n<link rel=\"canonical\" href=\"https:\/\/ticino.com\/de\/wer-wir-sind\/\" \/>\n<meta property=\"og:locale\" content=\"de_DE\" \/>\n<meta property=\"og:type\" content=\"article\" \/>\n<meta property=\"og:title\" content=\"Wer Wir Sind\" \/>\n<meta property=\"og:description\" content=\"Ticino.com, der erste und f\u00fchrende Internet Provider des Tessins, wurde vor \u00fcber 20 Jahren gegr\u00fcndet, man schrieb den Monat M\u00e4rz des Jahres 1996. In der Schweiz &#8211; ja sogar europaweit &#8211; gibt es nur wenige Unternehmen der Telekommunikationsbranche, welche eine so lange Tradition vorweisen k\u00f6nnen. Dank unserer langen Erfahrung in den Bereichen Telekommunikation und Informatik [&hellip;]\" \/>\n<meta property=\"og:url\" content=\"https:\/\/ticino.com\/de\/wer-wir-sind\/\" \/>\n<meta property=\"og:site_name\" content=\"Ticinocom SA\" \/>\n<meta property=\"article:publisher\" content=\"https:\/\/facebook.com\/ticinocom\" \/>\n<meta property=\"article:modified_time\" content=\"2020-12-21T09:42:40+00:00\" \/>\n<meta property=\"og:image\" content=\"https:\/\/ticino.com\/wp-content\/uploads\/2021\/01\/resega-video-01.jpg\" \/>\n\t<meta property=\"og:image:width\" content=\"512\" \/>\n\t<meta property=\"og:image:height\" content=\"336\" \/>\n\t<meta property=\"og:image:type\" content=\"image\/jpeg\" \/>\n<meta name=\"twitter:card\" content=\"summary_large_image\" \/>\n<meta name=\"twitter:site\" content=\"@ticinocom\" \/>\n<meta name=\"twitter:label1\" content=\"Gesch\u00e4tzte Lesezeit\" \/>\n\t<meta name=\"twitter:data1\" content=\"2\u00a0Minuten\" \/>\n<script type=\"application\/ld+json\" class=\"yoast-schema-graph\">{\"@context\":\"https:\/\/schema.org\",\"@graph\":[{\"@type\":\"WebPage\",\"@id\":\"https:\/\/ticino.com\/de\/wer-wir-sind\/\",\"url\":\"https:\/\/ticino.com\/de\/wer-wir-sind\/\",\"name\":\"Wer Wir Sind | Ticinocom SA\",\"isPartOf\":{\"@id\":\"https:\/\/ticino.com\/de\/#website\"},\"datePublished\":\"2020-09-08T09:18:18+00:00\",\"dateModified\":\"2020-12-21T09:42:40+00:00\",\"breadcrumb\":{\"@id\":\"https:\/\/ticino.com\/de\/wer-wir-sind\/#breadcrumb\"},\"inLanguage\":\"de\",\"potentialAction\":[{\"@type\":\"ReadAction\",\"target\":[\"https:\/\/ticino.com\/de\/wer-wir-sind\/\"]}]},{\"@type\":\"BreadcrumbList\",\"@id\":\"https:\/\/ticino.com\/de\/wer-wir-sind\/#breadcrumb\",\"itemListElement\":[{\"@type\":\"ListItem\",\"position\":1,\"name\":\"Home\",\"item\":\"https:\/\/ticino.com\/de\/\"},{\"@type\":\"ListItem\",\"position\":2,\"name\":\"Wer Wir Sind\"}]},{\"@type\":\"WebSite\",\"@id\":\"https:\/\/ticino.com\/de\/#website\",\"url\":\"https:\/\/ticino.com\/de\/\",\"name\":\"Ticinocom SA\",\"description\":\"Internet 100% made in Ticino\",\"publisher\":{\"@id\":\"https:\/\/ticino.com\/de\/#organization\"},\"potentialAction\":[{\"@type\":\"SearchAction\",\"target\":{\"@type\":\"EntryPoint\",\"urlTemplate\":\"https:\/\/ticino.com\/de\/?s={search_term_string}\"},\"query-input\":{\"@type\":\"PropertyValueSpecification\",\"valueRequired\":true,\"valueName\":\"search_term_string\"}}],\"inLanguage\":\"de\"},{\"@type\":\"Organization\",\"@id\":\"https:\/\/ticino.com\/de\/#organization\",\"name\":\"Ticinocom SA\",\"url\":\"https:\/\/ticino.com\/de\/\",\"logo\":{\"@type\":\"ImageObject\",\"inLanguage\":\"de\",\"@id\":\"https:\/\/ticino.com\/de\/#\/schema\/logo\/image\/\",\"url\":\"https:\/\/ticino.com\/wp-content\/uploads\/2020\/09\/ticinocom-logo.png\",\"contentUrl\":\"https:\/\/ticino.com\/wp-content\/uploads\/2020\/09\/ticinocom-logo.png\",\"width\":508,\"height\":84,\"caption\":\"Ticinocom SA\"},\"image\":{\"@id\":\"https:\/\/ticino.com\/de\/#\/schema\/logo\/image\/\"},\"sameAs\":[\"https:\/\/facebook.com\/ticinocom\",\"https:\/\/x.com\/ticinocom\",\"https:\/\/instagram.com\/ticinocomsa\",\"https:\/\/linkedin.com\/company\/ticinocom\"]}]}<\/script>\n<!-- \/ Yoast SEO Premium plugin. -->","yoast_head_json":{"title":"Wer Wir Sind | Ticinocom SA","robots":{"index":"index","follow":"follow","max-snippet":"max-snippet:-1","max-image-preview":"max-image-preview:large","max-video-preview":"max-video-preview:-1"},"canonical":"https:\/\/ticino.com\/de\/wer-wir-sind\/","og_locale":"de_DE","og_type":"article","og_title":"Wer Wir Sind","og_description":"Ticino.com, der erste und f\u00fchrende Internet Provider des Tessins, wurde vor \u00fcber 20 Jahren gegr\u00fcndet, man schrieb den Monat M\u00e4rz des Jahres 1996. In der Schweiz &#8211; ja sogar europaweit &#8211; gibt es nur wenige Unternehmen der Telekommunikationsbranche, welche eine so lange Tradition vorweisen k\u00f6nnen. Dank unserer langen Erfahrung in den Bereichen Telekommunikation und Informatik [&hellip;]","og_url":"https:\/\/ticino.com\/de\/wer-wir-sind\/","og_site_name":"Ticinocom SA","article_publisher":"https:\/\/facebook.com\/ticinocom","article_modified_time":"2020-12-21T09:42:40+00:00","og_image":[{"width":512,"height":336,"url":"https:\/\/ticino.com\/wp-content\/uploads\/2021\/01\/resega-video-01.jpg","type":"image\/jpeg"}],"twitter_card":"summary_large_image","twitter_site":"@ticinocom","twitter_misc":{"Gesch\u00e4tzte Lesezeit":"2\u00a0Minuten"},"schema":{"@context":"https:\/\/schema.org","@graph":[{"@type":"WebPage","@id":"https:\/\/ticino.com\/de\/wer-wir-sind\/","url":"https:\/\/ticino.com\/de\/wer-wir-sind\/","name":"Wer Wir Sind | Ticinocom SA","isPartOf":{"@id":"https:\/\/ticino.com\/de\/#website"},"datePublished":"2020-09-08T09:18:18+00:00","dateModified":"2020-12-21T09:42:40+00:00","breadcrumb":{"@id":"https:\/\/ticino.com\/de\/wer-wir-sind\/#breadcrumb"},"inLanguage":"de","potentialAction":[{"@type":"ReadAction","target":["https:\/\/ticino.com\/de\/wer-wir-sind\/"]}]},{"@type":"BreadcrumbList","@id":"https:\/\/ticino.com\/de\/wer-wir-sind\/#breadcrumb","itemListElement":[{"@type":"ListItem","position":1,"name":"Home","item":"https:\/\/ticino.com\/de\/"},{"@type":"ListItem","position":2,"name":"Wer Wir Sind"}]},{"@type":"WebSite","@id":"https:\/\/ticino.com\/de\/#website","url":"https:\/\/ticino.com\/de\/","name":"Ticinocom SA","description":"Internet 100% made in Ticino","publisher":{"@id":"https:\/\/ticino.com\/de\/#organization"},"potentialAction":[{"@type":"SearchAction","target":{"@type":"EntryPoint","urlTemplate":"https:\/\/ticino.com\/de\/?s={search_term_string}"},"query-input":{"@type":"PropertyValueSpecification","valueRequired":true,"valueName":"search_term_string"}}],"inLanguage":"de"},{"@type":"Organization","@id":"https:\/\/ticino.com\/de\/#organization","name":"Ticinocom SA","url":"https:\/\/ticino.com\/de\/","logo":{"@type":"ImageObject","inLanguage":"de","@id":"https:\/\/ticino.com\/de\/#\/schema\/logo\/image\/","url":"https:\/\/ticino.com\/wp-content\/uploads\/2020\/09\/ticinocom-logo.png","contentUrl":"https:\/\/ticino.com\/wp-content\/uploads\/2020\/09\/ticinocom-logo.png","width":508,"height":84,"caption":"Ticinocom SA"},"image":{"@id":"https:\/\/ticino.com\/de\/#\/schema\/logo\/image\/"},"sameAs":["https:\/\/facebook.com\/ticinocom","https:\/\/x.com\/ticinocom","https:\/\/instagram.com\/ticinocomsa","https:\/\/linkedin.com\/company\/ticinocom"]}]}},"_links":{"self":[{"href":"https:\/\/ticino.com\/de\/wp-json\/wp\/v2\/pages\/976"}],"collection":[{"href":"https:\/\/ticino.com\/de\/wp-json\/wp\/v2\/pages"}],"about":[{"href":"https:\/\/ticino.com\/de\/wp-json\/wp\/v2\/types\/page"}],"author":[{"embeddable":true,"href":"https:\/\/ticino.com\/de\/wp-json\/wp\/v2\/users\/138280478"}],"replies":[{"embeddable":true,"href":"https:\/\/ticino.com\/de\/wp-json\/wp\/v2\/comments?post=976"}],"version-history":[{"count":0,"href":"https:\/\/ticino.com\/de\/wp-json\/wp\/v2\/pages\/976\/revisions"}],"wp:attachment":[{"href":"https:\/\/ticino.com\/de\/wp-json\/wp\/v2\/media?parent=976"}],"curies":[{"name":"wp","href":"https:\/\/api.w.org\/{rel}","templated":true}]}}