{"id":18626,"date":"2024-03-11T16:46:53","date_gmt":"2024-03-11T15:46:53","guid":{"rendered":"https:\/\/ticino.com\/zahlungsmethoden\/"},"modified":"2024-03-11T16:46:54","modified_gmt":"2024-03-11T15:46:54","slug":"zahlungsmethoden","status":"publish","type":"page","link":"https:\/\/ticino.com\/de\/zahlungsmethoden\/","title":{"rendered":"Zahlungsmethoden"},"content":{"rendered":"\t\t<div data-elementor-type=\"wp-page\" data-elementor-id=\"18626\" class=\"elementor elementor-18626 elementor-18587\" data-elementor-post-type=\"page\">\n\t\t\t\t\t\t<section class=\"elementor-section elementor-top-section elementor-element elementor-element-58cea6a elementor-section-boxed elementor-section-height-default elementor-section-height-default\" data-id=\"58cea6a\" data-element_type=\"section\">\n\t\t\t\t\t\t<div class=\"elementor-container elementor-column-gap-default\">\n\t\t\t\t\t<div class=\"elementor-column elementor-col-100 elementor-top-column elementor-element elementor-element-3b08204\" data-id=\"3b08204\" data-element_type=\"column\">\n\t\t\t<div class=\"elementor-widget-wrap elementor-element-populated\">\n\t\t\t\t\t\t<div class=\"elementor-element elementor-element-2dab794 elementor-widget elementor-widget-image\" data-id=\"2dab794\" data-element_type=\"widget\" data-widget_type=\"image.default\">\n\t\t\t\t<div class=\"elementor-widget-container\">\n\t\t\t\t\t\t\t\t\t\t\t\t\t<img fetchpriority=\"high\" decoding=\"async\" width=\"2560\" height=\"977\" src=\"https:\/\/ticino.com\/wp-content\/uploads\/2024\/03\/payment-methods.png\" class=\"attachment-full size-full wp-image-18590\" alt=\"\" srcset=\"https:\/\/ticino.com\/wp-content\/uploads\/2024\/03\/payment-methods.png 2560w, https:\/\/ticino.com\/wp-content\/uploads\/2024\/03\/payment-methods-300x114.png 300w, https:\/\/ticino.com\/wp-content\/uploads\/2024\/03\/payment-methods-1024x391.png 1024w, https:\/\/ticino.com\/wp-content\/uploads\/2024\/03\/payment-methods-768x293.png 768w, https:\/\/ticino.com\/wp-content\/uploads\/2024\/03\/payment-methods-1536x586.png 1536w, https:\/\/ticino.com\/wp-content\/uploads\/2024\/03\/payment-methods-2048x782.png 2048w\" sizes=\"(max-width: 2560px) 100vw, 2560px\" \/>\t\t\t\t\t\t\t\t\t\t\t\t\t<\/div>\n\t\t\t\t<\/div>\n\t\t\t\t\t<\/div>\n\t\t<\/div>\n\t\t\t\t\t<\/div>\n\t\t<\/section>\n\t\t<div class=\"elementor-element elementor-element-3453f6b e-flex e-con-boxed e-con e-parent\" data-id=\"3453f6b\" data-element_type=\"container\">\n\t\t\t\t\t<div class=\"e-con-inner\">\n\t\t\t\t<div class=\"elementor-element elementor-element-f340e3a elementor-widget elementor-widget-heading\" data-id=\"f340e3a\" data-element_type=\"widget\" data-widget_type=\"heading.default\">\n\t\t\t\t<div class=\"elementor-widget-container\">\n\t\t\t<h2 class=\"elementor-heading-title elementor-size-default\">Internet, Mobile und Fixnet (VoIP) Services<\/h2>\t\t<\/div>\n\t\t\t\t<\/div>\n\t\t<div class=\"elementor-element elementor-element-ec7844b e-flex e-con-boxed e-con e-child\" data-id=\"ec7844b\" data-element_type=\"container\">\n\t\t\t\t\t<div class=\"e-con-inner\">\n\t\t<div class=\"elementor-element elementor-element-2d5486b e-con-full e-flex e-con e-child\" data-id=\"2d5486b\" data-element_type=\"container\">\n\t\t\t\t<div class=\"elementor-element elementor-element-9231b7d elementor-widget elementor-widget-image\" data-id=\"9231b7d\" data-element_type=\"widget\" data-widget_type=\"image.default\">\n\t\t\t\t<div class=\"elementor-widget-container\">\n\t\t\t\t\t\t\t\t\t\t\t\t\t<img decoding=\"async\" width=\"1\" height=\"1\" src=\"https:\/\/ticino.com\/wp-content\/uploads\/2024\/03\/twint.svg\" class=\"attachment-2048x2048 size-2048x2048 wp-image-18606\" alt=\"\" \/>\t\t\t\t\t\t\t\t\t\t\t\t\t<\/div>\n\t\t\t\t<\/div>\n\t\t\t\t<\/div>\n\t\t<div class=\"elementor-element elementor-element-64e3549 e-con-full e-flex e-con e-child\" data-id=\"64e3549\" data-element_type=\"container\">\n\t\t\t\t<div class=\"elementor-element elementor-element-23d5b16 elementor-widget elementor-widget-image\" data-id=\"23d5b16\" data-element_type=\"widget\" data-widget_type=\"image.default\">\n\t\t\t\t<div class=\"elementor-widget-container\">\n\t\t\t\t\t\t\t\t\t\t\t\t\t<img decoding=\"async\" width=\"1\" height=\"1\" src=\"https:\/\/ticino.com\/wp-content\/uploads\/2024\/03\/mastercard.svg\" class=\"attachment-2048x2048 size-2048x2048 wp-image-18594\" alt=\"\" \/>\t\t\t\t\t\t\t\t\t\t\t\t\t<\/div>\n\t\t\t\t<\/div>\n\t\t\t\t<\/div>\n\t\t<div class=\"elementor-element elementor-element-839c2bc e-con-full e-flex e-con e-child\" data-id=\"839c2bc\" data-element_type=\"container\">\n\t\t\t\t<div class=\"elementor-element elementor-element-8476891 elementor-widget elementor-widget-image\" data-id=\"8476891\" data-element_type=\"widget\" data-widget_type=\"image.default\">\n\t\t\t\t<div class=\"elementor-widget-container\">\n\t\t\t\t\t\t\t\t\t\t\t\t\t<img loading=\"lazy\" decoding=\"async\" width=\"1\" height=\"1\" src=\"https:\/\/ticino.com\/wp-content\/uploads\/2024\/03\/visa.svg\" class=\"attachment-2048x2048 size-2048x2048 wp-image-18596\" alt=\"\" \/>\t\t\t\t\t\t\t\t\t\t\t\t\t<\/div>\n\t\t\t\t<\/div>\n\t\t\t\t<\/div>\n\t\t<div class=\"elementor-element elementor-element-17525bc e-con-full e-flex e-con e-child\" data-id=\"17525bc\" data-element_type=\"container\">\n\t\t\t\t<div class=\"elementor-element elementor-element-1e11e17 elementor-widget elementor-widget-image\" data-id=\"1e11e17\" data-element_type=\"widget\" data-widget_type=\"image.default\">\n\t\t\t\t<div class=\"elementor-widget-container\">\n\t\t\t\t\t\t\t\t\t\t\t\t\t<img loading=\"lazy\" decoding=\"async\" width=\"1\" height=\"1\" src=\"https:\/\/ticino.com\/wp-content\/uploads\/2024\/03\/paypal.svg\" class=\"attachment-2048x2048 size-2048x2048 wp-image-18598\" alt=\"\" \/>\t\t\t\t\t\t\t\t\t\t\t\t\t<\/div>\n\t\t\t\t<\/div>\n\t\t\t\t<\/div>\n\t\t<div class=\"elementor-element elementor-element-27debf0 e-con-full e-flex e-con e-child\" data-id=\"27debf0\" data-element_type=\"container\" data-settings=\"{&quot;background_background&quot;:&quot;classic&quot;}\">\n\t\t\t\t<div class=\"elementor-element elementor-element-8f6e521 elementor-widget elementor-widget-image\" data-id=\"8f6e521\" data-element_type=\"widget\" data-widget_type=\"image.default\">\n\t\t\t\t<div class=\"elementor-widget-container\">\n\t\t\t\t\t\t\t\t\t\t\t\t\t<img loading=\"lazy\" decoding=\"async\" width=\"1\" height=\"1\" src=\"https:\/\/ticino.com\/wp-content\/uploads\/2024\/03\/ebill-logo-svg.svg\" class=\"attachment-2048x2048 size-2048x2048 wp-image-18604\" alt=\"\" \/>\t\t\t\t\t\t\t\t\t\t\t\t\t<\/div>\n\t\t\t\t<\/div>\n\t\t\t\t<\/div>\n\t\t<div class=\"elementor-element elementor-element-2bca8b2 e-con-full e-flex e-con e-child\" data-id=\"2bca8b2\" data-element_type=\"container\">\n\t\t\t\t<div class=\"elementor-element elementor-element-86cc544 elementor-widget elementor-widget-image\" data-id=\"86cc544\" data-element_type=\"widget\" data-widget_type=\"image.default\">\n\t\t\t\t<div class=\"elementor-widget-container\">\n\t\t\t\t\t\t\t\t\t\t\t\t\t<img loading=\"lazy\" decoding=\"async\" width=\"1\" height=\"1\" src=\"https:\/\/ticino.com\/wp-content\/uploads\/2024\/03\/invoice.svg\" class=\"attachment-2048x2048 size-2048x2048 wp-image-18608\" alt=\"\" \/>\t\t\t\t\t\t\t\t\t\t\t\t\t<\/div>\n\t\t\t\t<\/div>\n\t\t\t\t<\/div>\n\t\t<div class=\"elementor-element elementor-element-250232f e-con-full e-flex e-con e-child\" data-id=\"250232f\" data-element_type=\"container\" data-settings=\"{&quot;background_background&quot;:&quot;classic&quot;}\">\n\t\t\t\t<div class=\"elementor-element elementor-element-03c9bb4 elementor-widget elementor-widget-heading\" data-id=\"03c9bb4\" data-element_type=\"widget\" data-widget_type=\"heading.default\">\n\t\t\t\t<div class=\"elementor-widget-container\">\n\t\t\t<h2 class=\"elementor-heading-title elementor-size-default\">KRYPTO<\/h2>\t\t<\/div>\n\t\t\t\t<\/div>\n\t\t\t\t<\/div>\n\t\t\t\t\t<\/div>\n\t\t\t\t<\/div>\n\t\t\t\t\t<\/div>\n\t\t\t\t<\/div>\n\t\t<div class=\"elementor-element elementor-element-40ff4ac e-flex e-con-boxed e-con e-parent\" data-id=\"40ff4ac\" data-element_type=\"container\">\n\t\t\t\t\t<div class=\"e-con-inner\">\n\t\t\t\t<div class=\"elementor-element elementor-element-bf43f22 elementor-widget elementor-widget-heading\" data-id=\"bf43f22\" data-element_type=\"widget\" data-widget_type=\"heading.default\">\n\t\t\t\t<div class=\"elementor-widget-container\">\n\t\t\t<h2 class=\"elementor-heading-title elementor-size-default\">Wie kann ich meine Zahlungsmethode w\u00e4hlen?<\/h2>\t\t<\/div>\n\t\t\t\t<\/div>\n\t\t\t\t<div class=\"elementor-element elementor-element-b83187d elementor-widget elementor-widget-text-editor\" data-id=\"b83187d\" data-element_type=\"widget\" data-widget_type=\"text-editor.default\">\n\t\t\t\t<div class=\"elementor-widget-container\">\n\t\t\t\t\t\t\t<ul>\n<li><strong>TWINT, MASTERCARD, VISA oder PAYPAL<\/strong> sind verf\u00fcgbar, wenn Sie eine &#8222;elektronische&#8220; Rechnung per E-Mail anfordern. Sie k\u00f6nnen dann auf den Link zur Online-Zahlung klicken, wenn Sie eine neue Rechnung per E-Mail erhalten.<\/li>\n<li>F\u00fcr <strong>eBill<\/strong> beantragen Sie einfach \u00fcber Ihr eBanking (Anleitung: <a href=\"https:\/\/support.ticino.com\/it\/articles\/53-attivazione-pagamento-e-bill-e-fattura\">https:\/\/support.ticino.com\/de\/articles\/53<\/a>)<\/li>\n<li>F\u00fcr <strong>KRYPTO<\/strong> m\u00fcssen Sie lediglich die Rechnung auf Papier oder per E-Mail anfordern, dann den Link <a href=\"https:\/\/ticino.com\/crypto\/\">https:\/\/ticino.com\/de\/crypto<\/a> aufrufen, den QR-Rechnungscode fotografieren und den Anweisungen auf dem Bildschirm folgen.<\/li>\n<\/ul>\t\t\t\t\t\t<\/div>\n\t\t\t\t<\/div>\n\t\t\t\t\t<\/div>\n\t\t\t\t<\/div>\n\t\t<div class=\"elementor-element elementor-element-ad3c5f9 e-flex e-con-boxed e-con e-parent\" data-id=\"ad3c5f9\" data-element_type=\"container\">\n\t\t\t\t\t<div class=\"e-con-inner\">\n\t\t\t\t<div class=\"elementor-element elementor-element-d67a6c9 elementor-widget elementor-widget-heading\" data-id=\"d67a6c9\" data-element_type=\"widget\" data-widget_type=\"heading.default\">\n\t\t\t\t<div class=\"elementor-widget-container\">\n\t\t\t<h2 class=\"elementor-heading-title elementor-size-default\">Hosting &amp; Domain Dienstleistungen und Google Workspace (<a href=\"https:\/\/services.ticino.com\" target=\"_blank\">services.ticino.com<\/a>)<\/h2>\t\t<\/div>\n\t\t\t\t<\/div>\n\t\t<div class=\"elementor-element elementor-element-f9dc072 e-flex e-con-boxed e-con e-child\" data-id=\"f9dc072\" data-element_type=\"container\">\n\t\t\t\t\t<div class=\"e-con-inner\">\n\t\t<div class=\"elementor-element elementor-element-7d0463a e-con-full e-flex e-con e-child\" data-id=\"7d0463a\" data-element_type=\"container\">\n\t\t\t\t<div class=\"elementor-element elementor-element-33b2916 elementor-widget elementor-widget-image\" data-id=\"33b2916\" data-element_type=\"widget\" data-widget_type=\"image.default\">\n\t\t\t\t<div class=\"elementor-widget-container\">\n\t\t\t\t\t\t\t\t\t\t\t\t\t<img decoding=\"async\" width=\"1\" height=\"1\" src=\"https:\/\/ticino.com\/wp-content\/uploads\/2024\/03\/twint.svg\" class=\"attachment-2048x2048 size-2048x2048 wp-image-18606\" alt=\"\" \/>\t\t\t\t\t\t\t\t\t\t\t\t\t<\/div>\n\t\t\t\t<\/div>\n\t\t\t\t<\/div>\n\t\t<div class=\"elementor-element elementor-element-83e3319 e-con-full e-flex e-con e-child\" data-id=\"83e3319\" data-element_type=\"container\">\n\t\t\t\t<div class=\"elementor-element elementor-element-90f3f24 elementor-widget elementor-widget-image\" data-id=\"90f3f24\" data-element_type=\"widget\" data-widget_type=\"image.default\">\n\t\t\t\t<div class=\"elementor-widget-container\">\n\t\t\t\t\t\t\t\t\t\t\t\t\t<img decoding=\"async\" width=\"1\" height=\"1\" src=\"https:\/\/ticino.com\/wp-content\/uploads\/2024\/03\/mastercard.svg\" class=\"attachment-2048x2048 size-2048x2048 wp-image-18594\" alt=\"\" \/>\t\t\t\t\t\t\t\t\t\t\t\t\t<\/div>\n\t\t\t\t<\/div>\n\t\t\t\t<\/div>\n\t\t<div class=\"elementor-element elementor-element-a63c876 e-con-full e-flex e-con e-child\" data-id=\"a63c876\" data-element_type=\"container\">\n\t\t\t\t<div class=\"elementor-element elementor-element-0603606 elementor-widget elementor-widget-image\" data-id=\"0603606\" data-element_type=\"widget\" data-widget_type=\"image.default\">\n\t\t\t\t<div class=\"elementor-widget-container\">\n\t\t\t\t\t\t\t\t\t\t\t\t\t<img loading=\"lazy\" decoding=\"async\" width=\"1\" height=\"1\" src=\"https:\/\/ticino.com\/wp-content\/uploads\/2024\/03\/visa.svg\" class=\"attachment-2048x2048 size-2048x2048 wp-image-18596\" alt=\"\" \/>\t\t\t\t\t\t\t\t\t\t\t\t\t<\/div>\n\t\t\t\t<\/div>\n\t\t\t\t<\/div>\n\t\t<div class=\"elementor-element elementor-element-13385d6 e-con-full e-flex e-con e-child\" data-id=\"13385d6\" data-element_type=\"container\">\n\t\t\t\t<div class=\"elementor-element elementor-element-efecbff elementor-widget elementor-widget-image\" data-id=\"efecbff\" data-element_type=\"widget\" data-widget_type=\"image.default\">\n\t\t\t\t<div class=\"elementor-widget-container\">\n\t\t\t\t\t\t\t\t\t\t\t\t\t<img loading=\"lazy\" decoding=\"async\" width=\"1\" height=\"1\" src=\"https:\/\/ticino.com\/wp-content\/uploads\/2024\/03\/paypal.svg\" class=\"attachment-2048x2048 size-2048x2048 wp-image-18598\" alt=\"\" \/>\t\t\t\t\t\t\t\t\t\t\t\t\t<\/div>\n\t\t\t\t<\/div>\n\t\t\t\t<\/div>\n\t\t<div class=\"elementor-element elementor-element-beefa3c e-con-full e-flex e-con e-child\" data-id=\"beefa3c\" data-element_type=\"container\">\n\t\t\t\t<div class=\"elementor-element elementor-element-441db3a elementor-widget elementor-widget-image\" data-id=\"441db3a\" data-element_type=\"widget\" data-widget_type=\"image.default\">\n\t\t\t\t<div class=\"elementor-widget-container\">\n\t\t\t\t\t\t\t\t\t\t\t\t\t<img loading=\"lazy\" decoding=\"async\" width=\"1\" height=\"1\" src=\"https:\/\/ticino.com\/wp-content\/uploads\/2024\/03\/american-express.svg\" class=\"attachment-2048x2048 size-2048x2048 wp-image-18610\" alt=\"\" \/>\t\t\t\t\t\t\t\t\t\t\t\t\t<\/div>\n\t\t\t\t<\/div>\n\t\t\t\t<\/div>\n\t\t<div class=\"elementor-element elementor-element-2c4959a e-con-full e-flex e-con e-child\" data-id=\"2c4959a\" data-element_type=\"container\">\n\t\t\t\t<div class=\"elementor-element elementor-element-b39442e elementor-widget elementor-widget-image\" data-id=\"b39442e\" data-element_type=\"widget\" data-widget_type=\"image.default\">\n\t\t\t\t<div class=\"elementor-widget-container\">\n\t\t\t\t\t\t\t\t\t\t\t\t\t<img loading=\"lazy\" decoding=\"async\" width=\"1\" height=\"1\" src=\"https:\/\/ticino.com\/wp-content\/uploads\/2024\/03\/postfinance-card.svg\" class=\"attachment-2048x2048 size-2048x2048 wp-image-18600\" alt=\"\" \/>\t\t\t\t\t\t\t\t\t\t\t\t\t<\/div>\n\t\t\t\t<\/div>\n\t\t\t\t<\/div>\n\t\t<div class=\"elementor-element elementor-element-95bebc1 e-con-full e-flex e-con e-child\" data-id=\"95bebc1\" data-element_type=\"container\">\n\t\t\t\t<div class=\"elementor-element elementor-element-6fe1e69 elementor-widget elementor-widget-image\" data-id=\"6fe1e69\" data-element_type=\"widget\" data-widget_type=\"image.default\">\n\t\t\t\t<div class=\"elementor-widget-container\">\n\t\t\t\t\t\t\t\t\t\t\t\t\t<img loading=\"lazy\" decoding=\"async\" width=\"1\" height=\"1\" src=\"https:\/\/ticino.com\/wp-content\/uploads\/2024\/03\/postfinance-efinance.svg\" class=\"attachment-2048x2048 size-2048x2048 wp-image-18602\" alt=\"\" \/>\t\t\t\t\t\t\t\t\t\t\t\t\t<\/div>\n\t\t\t\t<\/div>\n\t\t\t\t<\/div>\n\t\t\t\t\t<\/div>\n\t\t\t\t<\/div>\n\t\t\t\t\t<\/div>\n\t\t\t\t<\/div>\n\t\t<div class=\"elementor-element elementor-element-1b5da98 e-flex e-con-boxed e-con e-parent\" data-id=\"1b5da98\" data-element_type=\"container\">\n\t\t\t\t\t<div class=\"e-con-inner\">\n\t\t\t\t<div class=\"elementor-element elementor-element-17a5d6f elementor-widget elementor-widget-heading\" data-id=\"17a5d6f\" data-element_type=\"widget\" data-widget_type=\"heading.default\">\n\t\t\t\t<div class=\"elementor-widget-container\">\n\t\t\t<h2 class=\"elementor-heading-title elementor-size-default\">Wie kann ich meine Zahlungsmethode w\u00e4hlen?<\/h2>\t\t<\/div>\n\t\t\t\t<\/div>\n\t\t\t\t<div class=\"elementor-element elementor-element-728d7ef elementor-widget elementor-widget-text-editor\" data-id=\"728d7ef\" data-element_type=\"widget\" data-widget_type=\"text-editor.default\">\n\t\t\t\t<div class=\"elementor-widget-container\">\n\t\t\t\t\t\t\t<p>Alle oben genannten Methoden sind an der Kasse verf\u00fcgbar, w\u00e4hrend der Bestellphase eines neuen Hosting-, Domain- oder Google Workspace-Dienstes, mit einer automatischen Abrechnungsfunktion bei jeder Erneuerung Ihres Abonnements.<\/p>\n\t\t\t\t\t\t<\/div>\n\t\t\t\t<\/div>\n\t\t\t\t\t<\/div>\n\t\t\t\t<\/div>\n\t\t\t\t<\/div>\n\t\t","protected":false},"excerpt":{"rendered":"<p>Internet, Mobile und Fixnet (VoIP) Services KRYPTO Wie kann ich meine Zahlungsmethode w\u00e4hlen? TWINT, MASTERCARD, VISA oder PAYPAL sind verf\u00fcgbar, wenn Sie eine &#8222;elektronische&#8220; Rechnung per E-Mail anfordern. Sie k\u00f6nnen dann auf den Link zur Online-Zahlung klicken, wenn Sie eine neue Rechnung per E-Mail erhalten. F\u00fcr eBill beantragen Sie einfach \u00fcber Ihr eBanking (Anleitung: https:\/\/support.ticino.com\/de\/articles\/53) [&hellip;]<\/p>\n","protected":false},"author":138280483,"featured_media":0,"parent":0,"menu_order":0,"comment_status":"closed","ping_status":"closed","template":"elementor_header_footer","meta":{"footnotes":""},"class_list":["post-18626","page","type-page","status-publish","hentry"],"yoast_head":"<!-- This site is optimized with the Yoast SEO Premium plugin v21.7 (Yoast SEO v23.7) - https:\/\/yoast.com\/wordpress\/plugins\/seo\/ -->\n<title>Zahlungsmethoden | Ticinocom SA<\/title>\n<meta name=\"robots\" content=\"index, follow, max-snippet:-1, max-image-preview:large, max-video-preview:-1\" \/>\n<link rel=\"canonical\" href=\"https:\/\/ticino.com\/de\/zahlungsmethoden\/\" \/>\n<meta property=\"og:locale\" content=\"de_DE\" \/>\n<meta property=\"og:type\" content=\"article\" \/>\n<meta property=\"og:title\" content=\"Zahlungsmethoden\" \/>\n<meta property=\"og:description\" content=\"Internet, Mobile und Fixnet (VoIP) Services KRYPTO Wie kann ich meine Zahlungsmethode w\u00e4hlen? TWINT, MASTERCARD, VISA oder PAYPAL sind verf\u00fcgbar, wenn Sie eine &#8222;elektronische&#8220; Rechnung per E-Mail anfordern. Sie k\u00f6nnen dann auf den Link zur Online-Zahlung klicken, wenn Sie eine neue Rechnung per E-Mail erhalten. F\u00fcr eBill beantragen Sie einfach \u00fcber Ihr eBanking (Anleitung: https:\/\/support.ticino.com\/de\/articles\/53) [&hellip;]\" \/>\n<meta property=\"og:url\" content=\"https:\/\/ticino.com\/de\/zahlungsmethoden\/\" \/>\n<meta property=\"og:site_name\" content=\"Ticinocom SA\" \/>\n<meta property=\"article:publisher\" content=\"https:\/\/facebook.com\/ticinocom\" \/>\n<meta property=\"article:modified_time\" content=\"2024-03-11T15:46:54+00:00\" \/>\n<meta property=\"og:image\" content=\"https:\/\/ticino.com\/wp-content\/uploads\/2024\/03\/payment-methods.png\" \/>\n<meta name=\"twitter:card\" content=\"summary_large_image\" \/>\n<meta name=\"twitter:site\" content=\"@ticinocom\" \/>\n<meta name=\"twitter:label1\" content=\"Gesch\u00e4tzte Lesezeit\" \/>\n\t<meta name=\"twitter:data1\" content=\"1\u00a0Minute\" \/>\n<script type=\"application\/ld+json\" class=\"yoast-schema-graph\">{\"@context\":\"https:\/\/schema.org\",\"@graph\":[{\"@type\":\"WebPage\",\"@id\":\"https:\/\/ticino.com\/de\/zahlungsmethoden\/\",\"url\":\"https:\/\/ticino.com\/de\/zahlungsmethoden\/\",\"name\":\"Zahlungsmethoden | Ticinocom SA\",\"isPartOf\":{\"@id\":\"https:\/\/ticino.com\/de\/#website\"},\"primaryImageOfPage\":{\"@id\":\"https:\/\/ticino.com\/de\/zahlungsmethoden\/#primaryimage\"},\"image\":{\"@id\":\"https:\/\/ticino.com\/de\/zahlungsmethoden\/#primaryimage\"},\"thumbnailUrl\":\"https:\/\/ticino.com\/wp-content\/uploads\/2024\/03\/payment-methods.png\",\"datePublished\":\"2024-03-11T15:46:53+00:00\",\"dateModified\":\"2024-03-11T15:46:54+00:00\",\"breadcrumb\":{\"@id\":\"https:\/\/ticino.com\/de\/zahlungsmethoden\/#breadcrumb\"},\"inLanguage\":\"de\",\"potentialAction\":[{\"@type\":\"ReadAction\",\"target\":[\"https:\/\/ticino.com\/de\/zahlungsmethoden\/\"]}]},{\"@type\":\"ImageObject\",\"inLanguage\":\"de\",\"@id\":\"https:\/\/ticino.com\/de\/zahlungsmethoden\/#primaryimage\",\"url\":\"https:\/\/ticino.com\/wp-content\/uploads\/2024\/03\/payment-methods.png\",\"contentUrl\":\"https:\/\/ticino.com\/wp-content\/uploads\/2024\/03\/payment-methods.png\"},{\"@type\":\"BreadcrumbList\",\"@id\":\"https:\/\/ticino.com\/de\/zahlungsmethoden\/#breadcrumb\",\"itemListElement\":[{\"@type\":\"ListItem\",\"position\":1,\"name\":\"Home\",\"item\":\"https:\/\/ticino.com\/de\/\"},{\"@type\":\"ListItem\",\"position\":2,\"name\":\"Zahlungsmethoden\"}]},{\"@type\":\"WebSite\",\"@id\":\"https:\/\/ticino.com\/de\/#website\",\"url\":\"https:\/\/ticino.com\/de\/\",\"name\":\"Ticinocom SA\",\"description\":\"Internet 100% made in Ticino\",\"publisher\":{\"@id\":\"https:\/\/ticino.com\/de\/#organization\"},\"potentialAction\":[{\"@type\":\"SearchAction\",\"target\":{\"@type\":\"EntryPoint\",\"urlTemplate\":\"https:\/\/ticino.com\/de\/?s={search_term_string}\"},\"query-input\":{\"@type\":\"PropertyValueSpecification\",\"valueRequired\":true,\"valueName\":\"search_term_string\"}}],\"inLanguage\":\"de\"},{\"@type\":\"Organization\",\"@id\":\"https:\/\/ticino.com\/de\/#organization\",\"name\":\"Ticinocom SA\",\"url\":\"https:\/\/ticino.com\/de\/\",\"logo\":{\"@type\":\"ImageObject\",\"inLanguage\":\"de\",\"@id\":\"https:\/\/ticino.com\/de\/#\/schema\/logo\/image\/\",\"url\":\"https:\/\/ticino.com\/wp-content\/uploads\/2020\/09\/ticinocom-logo.png\",\"contentUrl\":\"https:\/\/ticino.com\/wp-content\/uploads\/2020\/09\/ticinocom-logo.png\",\"width\":508,\"height\":84,\"caption\":\"Ticinocom SA\"},\"image\":{\"@id\":\"https:\/\/ticino.com\/de\/#\/schema\/logo\/image\/\"},\"sameAs\":[\"https:\/\/facebook.com\/ticinocom\",\"https:\/\/x.com\/ticinocom\",\"https:\/\/instagram.com\/ticinocomsa\",\"https:\/\/linkedin.com\/company\/ticinocom\"]}]}<\/script>\n<!-- \/ Yoast SEO Premium plugin. -->","yoast_head_json":{"title":"Zahlungsmethoden | Ticinocom SA","robots":{"index":"index","follow":"follow","max-snippet":"max-snippet:-1","max-image-preview":"max-image-preview:large","max-video-preview":"max-video-preview:-1"},"canonical":"https:\/\/ticino.com\/de\/zahlungsmethoden\/","og_locale":"de_DE","og_type":"article","og_title":"Zahlungsmethoden","og_description":"Internet, Mobile und Fixnet (VoIP) Services KRYPTO Wie kann ich meine Zahlungsmethode w\u00e4hlen? TWINT, MASTERCARD, VISA oder PAYPAL sind verf\u00fcgbar, wenn Sie eine &#8222;elektronische&#8220; Rechnung per E-Mail anfordern. Sie k\u00f6nnen dann auf den Link zur Online-Zahlung klicken, wenn Sie eine neue Rechnung per E-Mail erhalten. F\u00fcr eBill beantragen Sie einfach \u00fcber Ihr eBanking (Anleitung: https:\/\/support.ticino.com\/de\/articles\/53) [&hellip;]","og_url":"https:\/\/ticino.com\/de\/zahlungsmethoden\/","og_site_name":"Ticinocom SA","article_publisher":"https:\/\/facebook.com\/ticinocom","article_modified_time":"2024-03-11T15:46:54+00:00","og_image":[{"url":"https:\/\/ticino.com\/wp-content\/uploads\/2024\/03\/payment-methods.png"}],"twitter_card":"summary_large_image","twitter_site":"@ticinocom","twitter_misc":{"Gesch\u00e4tzte Lesezeit":"1\u00a0Minute"},"schema":{"@context":"https:\/\/schema.org","@graph":[{"@type":"WebPage","@id":"https:\/\/ticino.com\/de\/zahlungsmethoden\/","url":"https:\/\/ticino.com\/de\/zahlungsmethoden\/","name":"Zahlungsmethoden | Ticinocom SA","isPartOf":{"@id":"https:\/\/ticino.com\/de\/#website"},"primaryImageOfPage":{"@id":"https:\/\/ticino.com\/de\/zahlungsmethoden\/#primaryimage"},"image":{"@id":"https:\/\/ticino.com\/de\/zahlungsmethoden\/#primaryimage"},"thumbnailUrl":"https:\/\/ticino.com\/wp-content\/uploads\/2024\/03\/payment-methods.png","datePublished":"2024-03-11T15:46:53+00:00","dateModified":"2024-03-11T15:46:54+00:00","breadcrumb":{"@id":"https:\/\/ticino.com\/de\/zahlungsmethoden\/#breadcrumb"},"inLanguage":"de","potentialAction":[{"@type":"ReadAction","target":["https:\/\/ticino.com\/de\/zahlungsmethoden\/"]}]},{"@type":"ImageObject","inLanguage":"de","@id":"https:\/\/ticino.com\/de\/zahlungsmethoden\/#primaryimage","url":"https:\/\/ticino.com\/wp-content\/uploads\/2024\/03\/payment-methods.png","contentUrl":"https:\/\/ticino.com\/wp-content\/uploads\/2024\/03\/payment-methods.png"},{"@type":"BreadcrumbList","@id":"https:\/\/ticino.com\/de\/zahlungsmethoden\/#breadcrumb","itemListElement":[{"@type":"ListItem","position":1,"name":"Home","item":"https:\/\/ticino.com\/de\/"},{"@type":"ListItem","position":2,"name":"Zahlungsmethoden"}]},{"@type":"WebSite","@id":"https:\/\/ticino.com\/de\/#website","url":"https:\/\/ticino.com\/de\/","name":"Ticinocom SA","description":"Internet 100% made in Ticino","publisher":{"@id":"https:\/\/ticino.com\/de\/#organization"},"potentialAction":[{"@type":"SearchAction","target":{"@type":"EntryPoint","urlTemplate":"https:\/\/ticino.com\/de\/?s={search_term_string}"},"query-input":{"@type":"PropertyValueSpecification","valueRequired":true,"valueName":"search_term_string"}}],"inLanguage":"de"},{"@type":"Organization","@id":"https:\/\/ticino.com\/de\/#organization","name":"Ticinocom SA","url":"https:\/\/ticino.com\/de\/","logo":{"@type":"ImageObject","inLanguage":"de","@id":"https:\/\/ticino.com\/de\/#\/schema\/logo\/image\/","url":"https:\/\/ticino.com\/wp-content\/uploads\/2020\/09\/ticinocom-logo.png","contentUrl":"https:\/\/ticino.com\/wp-content\/uploads\/2020\/09\/ticinocom-logo.png","width":508,"height":84,"caption":"Ticinocom SA"},"image":{"@id":"https:\/\/ticino.com\/de\/#\/schema\/logo\/image\/"},"sameAs":["https:\/\/facebook.com\/ticinocom","https:\/\/x.com\/ticinocom","https:\/\/instagram.com\/ticinocomsa","https:\/\/linkedin.com\/company\/ticinocom"]}]}},"_links":{"self":[{"href":"https:\/\/ticino.com\/de\/wp-json\/wp\/v2\/pages\/18626"}],"collection":[{"href":"https:\/\/ticino.com\/de\/wp-json\/wp\/v2\/pages"}],"about":[{"href":"https:\/\/ticino.com\/de\/wp-json\/wp\/v2\/types\/page"}],"author":[{"embeddable":true,"href":"https:\/\/ticino.com\/de\/wp-json\/wp\/v2\/users\/138280483"}],"replies":[{"embeddable":true,"href":"https:\/\/ticino.com\/de\/wp-json\/wp\/v2\/comments?post=18626"}],"version-history":[{"count":1,"href":"https:\/\/ticino.com\/de\/wp-json\/wp\/v2\/pages\/18626\/revisions"}],"predecessor-version":[{"id":18627,"href":"https:\/\/ticino.com\/de\/wp-json\/wp\/v2\/pages\/18626\/revisions\/18627"}],"wp:attachment":[{"href":"https:\/\/ticino.com\/de\/wp-json\/wp\/v2\/media?parent=18626"}],"curies":[{"name":"wp","href":"https:\/\/api.w.org\/{rel}","templated":true}]}}